{"id":62,"date":"2025-12-09T15:57:30","date_gmt":"2025-12-09T15:57:30","guid":{"rendered":"https:\/\/kotiakkukilpailutus.fi\/?page_id=62"},"modified":"2025-12-10T08:43:06","modified_gmt":"2025-12-10T08:43:06","slug":"kilpailutus","status":"publish","type":"page","link":"https:\/\/kotiakkukilpailutus.fi\/index.php\/kilpailutus\/","title":{"rendered":"Kilpailutus"},"content":{"rendered":"\t\t<div data-elementor-type=\"wp-page\" data-elementor-id=\"62\" class=\"elementor elementor-62\">\n\t\t\t\t<div class=\"elementor-element elementor-element-1cc2903 e-flex e-con-boxed e-con e-parent\" data-id=\"1cc2903\" data-element_type=\"container\" data-e-type=\"container\">\n\t\t\t\t\t<div class=\"e-con-inner\">\n\t\t\t\t<div class=\"elementor-element elementor-element-6ab572a elementor-widget elementor-widget-spacer\" data-id=\"6ab572a\" data-element_type=\"widget\" data-e-type=\"widget\" data-widget_type=\"spacer.default\">\n\t\t\t\t\t\t\t<div class=\"elementor-spacer\">\n\t\t\t<div class=\"elementor-spacer-inner\"><\/div>\n\t\t<\/div>\n\t\t\t\t\t\t<\/div>\n\t\t\t\t<div class=\"elementor-element elementor-element-00aa68e elementor-widget elementor-widget-heading\" data-id=\"00aa68e\" data-element_type=\"widget\" data-e-type=\"widget\" data-widget_type=\"heading.default\">\n\t\t\t\t\t<h2 class=\"elementor-heading-title elementor-size-default\">Kilpailuta akkuvarasto<\/h2>\t\t\t\t<\/div>\n\t\t\t\t<div class=\"elementor-element elementor-element-fbcbc04 elementor-widget elementor-widget-text-editor\" data-id=\"fbcbc04\" data-element_type=\"widget\" data-e-type=\"widget\" data-widget_type=\"text-editor.default\">\n\t\t\t\t\t\t\t\t\t<p>T\u00e4yt\u00e4 hakemus ja saat tarjouksia akkuvarastoista. Hakemus on ilmainen, eik\u00e4 sido sinua mihink\u00e4\u00e4n.<\/p>\t\t\t\t\t\t\t\t<\/div>\n\t\t\t\t\t<\/div>\n\t\t\t\t<\/div>\n\t\t<div class=\"elementor-element elementor-element-6ed5696 e-flex e-con-boxed e-con e-parent\" data-id=\"6ed5696\" data-element_type=\"container\" data-e-type=\"container\">\n\t\t\t\t\t<div class=\"e-con-inner\">\n\t\t\t\t<div class=\"elementor-element elementor-element-641364b elementor-widget elementor-widget-shortcode\" data-id=\"641364b\" data-element_type=\"widget\" data-e-type=\"widget\" data-widget_type=\"shortcode.default\">\n\t\t\t\t\t\t\t<div class=\"elementor-shortcode\"><div class=\"forminator-ui forminator-custom-form forminator-custom-form-61 forminator-design--material  forminator_ajax\" data-forminator-render=\"0\" data-form=\"forminator-module-61\" data-uid=\"69d80c0636bf7\"><br\/><\/div><form\n\t\t\t\tid=\"forminator-module-61\"\n\t\t\t\tclass=\"forminator-ui forminator-custom-form forminator-custom-form-61 forminator-design--material  forminator_ajax\"\n\t\t\t\tmethod=\"post\"\n\t\t\t\tdata-forminator-render=\"0\"\n\t\t\t\tdata-form-id=\"61\"\n\t\t\t\t data-color-option=\"default\" data-design=\"material\" data-grid=\"open\" style=\"display: none;\"\n\t\t\t\tdata-uid=\"69d80c0636bf7\"\n\t\t\t><div role=\"alert\" aria-live=\"polite\" class=\"forminator-response-message forminator-error\" aria-hidden=\"true\"><\/div><div class=\"forminator-row\"><div id=\"name-1\" class=\"forminator-field-name forminator-col forminator-col-12 \"><div class=\"forminator-field\"><label for=\"forminator-field-name-1_69d80c0636bf7\" id=\"forminator-field-name-1_69d80c0636bf7-label\" class=\"forminator-label\">Nimi <span class=\"forminator-required\">*<\/span><\/label><input type=\"text\" name=\"name-1\" value=\"\" placeholder=\"\" id=\"forminator-field-name-1_69d80c0636bf7\" class=\"forminator-input forminator-name--field\" aria-required=\"true\" autocomplete=\"name\" \/><\/div><\/div><\/div><div class=\"forminator-row\"><div id=\"email-1\" class=\"forminator-field-email forminator-col forminator-col-12 \"><div class=\"forminator-field\"><label for=\"forminator-field-email-1_69d80c0636bf7\" id=\"forminator-field-email-1_69d80c0636bf7-label\" class=\"forminator-label\">S\u00e4hk\u00f6posti <span class=\"forminator-required\">*<\/span><\/label><input type=\"email\" name=\"email-1\" value=\"\" placeholder=\"\" id=\"forminator-field-email-1_69d80c0636bf7\" class=\"forminator-input forminator-email--field\" data-required=\"1\" aria-required=\"true\" autocomplete=\"email\" \/><\/div><\/div><\/div><div class=\"forminator-row\"><div id=\"phone-1\" class=\"forminator-field-phone forminator-col forminator-col-12 \"><div class=\"forminator-field\"><label for=\"forminator-field-phone-1_69d80c0636bf7\" id=\"forminator-field-phone-1_69d80c0636bf7-label\" class=\"forminator-label\">Puhelinnumero <span class=\"forminator-required\">*<\/span><\/label><input type=\"text\" name=\"phone-1\" value=\"\" placeholder=\"+358\" id=\"forminator-field-phone-1_69d80c0636bf7\" class=\"forminator-input forminator-field--phone\" data-required=\"1\" aria-required=\"true\" autocomplete=\"off\" \/><\/div><\/div><\/div><div class=\"forminator-row\"><div id=\"address-1\" class=\"forminator-field-address forminator-col forminator-col-12 \"><div class=\"forminator-row\"><div id=\"address-1-street_address\" class=\"forminator-col\"><div class=\"forminator-field\"><label for=\"forminator-field-address-1-street_address_69d80c0636bf7\" id=\"forminator-field-address-1-street_address_69d80c0636bf7-label\" class=\"forminator-label\">Osoite <span class=\"forminator-required\">*<\/span><\/label><input type=\"text\" name=\"address-1-street_address\" placeholder=\"\" id=\"forminator-field-address-1-street_address_69d80c0636bf7\" class=\"forminator-input\" data-required=\"1\" aria-required=\"true\" autocomplete=\"address-line1\" value=\"\" \/><\/div><\/div><\/div><div class=\"forminator-row\" data-multiple=\"false\"><div id=\"address-1-city\" class=\"forminator-col forminator-col-12\"><div class=\"forminator-field\"><label for=\"forminator-field-address-1-city_69d80c0636bf7\" id=\"forminator-field-address-1-city_69d80c0636bf7-label\" class=\"forminator-label\">Kaupunki <span class=\"forminator-required\">*<\/span><\/label><input type=\"text\" name=\"address-1-city\" placeholder=\"\" id=\"forminator-field-address-1-city_69d80c0636bf7\" class=\"forminator-input\" data-required=\"1\" aria-required=\"true\" autocomplete=\"address-level2\" value=\"\" \/><\/div><\/div><\/div><div class=\"forminator-row\" data-multiple=\"false\"><div id=\"address-1-zip\" class=\"forminator-col forminator-col-12\"><div class=\"forminator-field\"><label for=\"forminator-field-address-1-zip_69d80c0636bf7\" id=\"forminator-field-address-1-zip_69d80c0636bf7-label\" class=\"forminator-label\">Postinumero<\/label><input type=\"text\" name=\"address-1-zip\" placeholder=\"\" id=\"forminator-field-address-1-zip_69d80c0636bf7\" class=\"forminator-input\" autocomplete=\"postal-code\" value=\"\" \/><\/div><\/div><\/div><\/div><\/div><div class=\"forminator-row\"><div id=\"text-1\" class=\"forminator-field-text forminator-col forminator-col-12 \"><div class=\"forminator-field\"><label for=\"forminator-field-text-1_69d80c0636bf7\" id=\"forminator-field-text-1_69d80c0636bf7-label\" class=\"forminator-label\">Vuosittainen s\u00e4hk\u00f6nkulutus kWh (arvio) <span class=\"forminator-required\">*<\/span><\/label><input type=\"text\" name=\"text-1\" value=\"\" placeholder=\"\" id=\"forminator-field-text-1_69d80c0636bf7\" class=\"forminator-input forminator-name--field\" data-required=\"1\" \/><\/div><\/div><\/div><div class=\"forminator-row\"><div id=\"checkbox-1\" class=\"forminator-field-checkbox forminator-col forminator-col-12 \"><div role=\"group\" class=\"forminator-field required\" aria-labelledby=\"forminator-checkbox-group-forminator-field-checkbox-1-69d80c0636bf7-label\"><span id=\"forminator-checkbox-group-forminator-field-checkbox-1-69d80c0636bf7-label\" class=\"forminator-label\">S\u00e4hk\u00f6sopimus <span class=\"forminator-required\">*<\/span><\/span><label id=\"forminator-field-checkbox-1-1-69d80c0636bf7-label\" for=\"forminator-field-checkbox-1-1-69d80c0636bf7\" class=\"forminator-checkbox\" title=\"P\u00f6rssis\u00e4hk\u00f6\"><input type=\"checkbox\" name=\"checkbox-1[]\" value=\"one\" id=\"forminator-field-checkbox-1-1-69d80c0636bf7\" aria-labelledby=\"forminator-field-checkbox-1-1-69d80c0636bf7-label\" data-calculation=\"0\"   data-hidden-behavior=\"zero\"\/><span class=\"forminator-checkbox-box\" aria-hidden=\"true\"><\/span><span class=\"forminator-checkbox-label\">P\u00f6rssis\u00e4hk\u00f6<\/span><\/label><label id=\"forminator-field-checkbox-1-2-69d80c0636bf7-label\" for=\"forminator-field-checkbox-1-2-69d80c0636bf7\" class=\"forminator-checkbox\" title=\"Kiinte\u00e4 alle 6 kk\"><input type=\"checkbox\" name=\"checkbox-1[]\" value=\"two\" id=\"forminator-field-checkbox-1-2-69d80c0636bf7\" aria-labelledby=\"forminator-field-checkbox-1-2-69d80c0636bf7-label\" data-calculation=\"0\"   data-hidden-behavior=\"zero\"\/><span class=\"forminator-checkbox-box\" aria-hidden=\"true\"><\/span><span class=\"forminator-checkbox-label\">Kiinte\u00e4 alle 6 kk<\/span><\/label><label id=\"forminator-field-checkbox-1-3-69d80c0636bf7-label\" for=\"forminator-field-checkbox-1-3-69d80c0636bf7\" class=\"forminator-checkbox\" title=\"Kiinte\u00e4 yli 6 kk\"><input type=\"checkbox\" name=\"checkbox-1[]\" value=\"Kiinte\u00e4-yli-6-kk\" id=\"forminator-field-checkbox-1-3-69d80c0636bf7\" aria-labelledby=\"forminator-field-checkbox-1-3-69d80c0636bf7-label\" data-calculation=\"0\"   data-hidden-behavior=\"zero\"\/><span class=\"forminator-checkbox-box\" aria-hidden=\"true\"><\/span><span class=\"forminator-checkbox-label\">Kiinte\u00e4 yli 6 kk<\/span><\/label><\/div><\/div><\/div><div class=\"forminator-row\"><div id=\"checkbox-2\" class=\"forminator-field-checkbox forminator-col forminator-col-12 \"><div role=\"group\" class=\"forminator-field required\" aria-labelledby=\"forminator-checkbox-group-forminator-field-checkbox-2-69d80c0636bf7-label\"><span id=\"forminator-checkbox-group-forminator-field-checkbox-2-69d80c0636bf7-label\" class=\"forminator-label\">Aurinkopaneelit <span class=\"forminator-required\">*<\/span><\/span><label id=\"forminator-field-checkbox-2-1-69d80c0636bf7-label\" for=\"forminator-field-checkbox-2-1-69d80c0636bf7\" class=\"forminator-checkbox\" title=\"Kyll\u00e4\"><input type=\"checkbox\" name=\"checkbox-2[]\" value=\"one\" id=\"forminator-field-checkbox-2-1-69d80c0636bf7\" aria-labelledby=\"forminator-field-checkbox-2-1-69d80c0636bf7-label\" data-calculation=\"0\"   data-hidden-behavior=\"zero\"\/><span class=\"forminator-checkbox-box\" aria-hidden=\"true\"><\/span><span class=\"forminator-checkbox-label\">Kyll\u00e4<\/span><\/label><label id=\"forminator-field-checkbox-2-2-69d80c0636bf7-label\" for=\"forminator-field-checkbox-2-2-69d80c0636bf7\" class=\"forminator-checkbox\" title=\"Ei\"><input type=\"checkbox\" name=\"checkbox-2[]\" value=\"two\" id=\"forminator-field-checkbox-2-2-69d80c0636bf7\" aria-labelledby=\"forminator-field-checkbox-2-2-69d80c0636bf7-label\" data-calculation=\"0\"   data-hidden-behavior=\"zero\"\/><span class=\"forminator-checkbox-box\" aria-hidden=\"true\"><\/span><span class=\"forminator-checkbox-label\">Ei<\/span><\/label><\/div><\/div><\/div><div class=\"forminator-row\"><div id=\"textarea-1\" class=\"forminator-field-textarea forminator-col forminator-col-12 \"><div class=\"forminator-field\"><label for=\"forminator-field-textarea-1_69d80c0636bf7\" id=\"forminator-field-textarea-1_69d80c0636bf7-label\" class=\"forminator-label\">Muut lis\u00e4tiedot<\/label><textarea name=\"textarea-1\" placeholder=\"mm. Onko l\u00e4mmin s\u00e4ilytystila akulle, olemassa oleva invertteri, toivottu akuston koko luokka...\" id=\"forminator-field-textarea-1_69d80c0636bf7\" class=\"forminator-textarea\" rows=\"6\" style=\"min-height:140px;\" ><\/textarea><\/div><\/div><\/div><div class=\"forminator-row\"><div id=\"select-1\" class=\"forminator-field-select forminator-col forminator-col-12 \"><div class=\"forminator-field\"><label for=\"forminator-form-61__field--select-1_69d80c0636bf7\" id=\"forminator-form-61__field--select-1_69d80c0636bf7-label\" class=\"forminator-label\">Hankinnan ajankohta<\/label><select  id=\"forminator-form-61__field--select-1_69d80c0636bf7\" class=\"forminator-select--field forminator-select2 forminator-select2-multiple\" data-required=\"\" name=\"select-1\" data-default-value=\"\" data-hidden-behavior=\"zero\" data-placeholder=\"\" data-search=\"false\" data-search-placeholder=\"\" data-checkbox=\"false\" data-allow-clear=\"false\" aria-labelledby=\"forminator-form-61__field--select-1_69d80c0636bf7-label\"><option value=\"one\"  data-calculation=\"0\">Mahdollisimman pian<\/option><option value=\"two\"  data-calculation=\"0\">Alle 6 kk kuluessa<\/option><option value=\"Vuoden-sis\u00e4\u00e4n\"  data-calculation=\"0\">Vuoden sis\u00e4\u00e4n<\/option><option value=\"Selvit\u00e4n-vain-hintoja\"  data-calculation=\"0\">Selvit\u00e4n vain hintoja<\/option><\/select><\/div><\/div><\/div><input type=\"hidden\" name=\"referer_url\" value=\"\" \/><div class=\"forminator-row forminator-row-last\"><div class=\"forminator-col\"><div class=\"forminator-field\"><button class=\"forminator-button forminator-button-submit\"><span>L&auml;het&auml; tarjouspyynt&ouml;<\/span><span aria-hidden=\"true\"><\/span><\/button><\/div><\/div><\/div><input type=\"hidden\" id=\"forminator_nonce\" name=\"forminator_nonce\" value=\"1f8f7270de\" \/><input type=\"hidden\" name=\"_wp_http_referer\" value=\"\/index.php\/wp-json\/wp\/v2\/pages\/62\" \/><input type=\"hidden\" name=\"form_id\" value=\"61\"><input type=\"hidden\" name=\"page_id\" value=\"62\"><input type=\"hidden\" name=\"form_type\" value=\"default\"><input type=\"hidden\" name=\"current_url\" value=\"https:\/\/kotiakkukilpailutus.fi\/index.php\/kilpailutus\/\"><input type=\"hidden\" name=\"render_id\" value=\"0\"><input type=\"hidden\" name=\"action\" value=\"forminator_submit_form_custom-forms\"><\/form><\/div>\n\t\t\t\t\t\t<\/div>\n\t\t\t\t\t<\/div>\n\t\t\t\t<\/div>\n\t\t<div class=\"elementor-element elementor-element-a0ee1b7 e-flex e-con-boxed e-con e-parent\" data-id=\"a0ee1b7\" data-element_type=\"container\" data-e-type=\"container\">\n\t\t\t\t\t<div class=\"e-con-inner\">\n\t\t\t\t<div class=\"elementor-element elementor-element-7e0791b elementor-widget elementor-widget-spacer\" data-id=\"7e0791b\" data-element_type=\"widget\" data-e-type=\"widget\" data-widget_type=\"spacer.default\">\n\t\t\t\t\t\t\t<div class=\"elementor-spacer\">\n\t\t\t<div class=\"elementor-spacer-inner\"><\/div>\n\t\t<\/div>\n\t\t\t\t\t\t<\/div>\n\t\t\t\t\t<\/div>\n\t\t\t\t<\/div>\n\t\t\t\t<\/div>\n\t\t","protected":false},"excerpt":{"rendered":"<p>Kilpailuta akkuvarasto T\u00e4yt\u00e4 hakemus ja saat tarjouksia akkuvarastoista. Hakemus on ilmainen, eik\u00e4 sido sinua mihink\u00e4\u00e4n.<\/p>\n","protected":false},"author":1,"featured_media":0,"parent":0,"menu_order":0,"comment_status":"closed","ping_status":"closed","template":"","meta":{"site-sidebar-layout":"no-sidebar","site-content-layout":"","ast-site-content-layout":"full-width-container","site-content-style":"default","site-sidebar-style":"default","ast-global-header-display":"","ast-banner-title-visibility":"","ast-main-header-display":"","ast-hfb-above-header-display":"","ast-hfb-below-header-display":"","ast-hfb-mobile-header-display":"","site-post-title":"disabled","ast-breadcrumbs-content":"","ast-featured-img":"disabled","footer-sml-layout":"","ast-disable-related-posts":"","theme-transparent-header-meta":"","adv-header-id-meta":"","stick-header-meta":"","header-above-stick-meta":"","header-main-stick-meta":"","header-below-stick-meta":"","astra-migrate-meta-layouts":"default","ast-page-background-enabled":"default","ast-page-background-meta":{"desktop":{"background-color":"var(--ast-global-color-5)","background-image":"","background-repeat":"repeat","background-position":"center center","background-size":"auto","background-attachment":"scroll","background-type":"","background-media":"","overlay-type":"","overlay-color":"","overlay-opacity":"","overlay-gradient":""},"tablet":{"background-color":"","background-image":"","background-repeat":"repeat","background-position":"center center","background-size":"auto","background-attachment":"scroll","background-type":"","background-media":"","overlay-type":"","overlay-color":"","overlay-opacity":"","overlay-gradient":""},"mobile":{"background-color":"","background-image":"","background-repeat":"repeat","background-position":"center center","background-size":"auto","background-attachment":"scroll","background-type":"","background-media":"","overlay-type":"","overlay-color":"","overlay-opacity":"","overlay-gradient":""}},"ast-content-background-meta":{"desktop":{"background-color":"var(--ast-global-color-4)","background-image":"","background-repeat":"repeat","background-position":"center center","background-size":"auto","background-attachment":"scroll","background-type":"","background-media":"","overlay-type":"","overlay-color":"","overlay-opacity":"","overlay-gradient":""},"tablet":{"background-color":"var(--ast-global-color-4)","background-image":"","background-repeat":"repeat","background-position":"center center","background-size":"auto","background-attachment":"scroll","background-type":"","background-media":"","overlay-type":"","overlay-color":"","overlay-opacity":"","overlay-gradient":""},"mobile":{"background-color":"var(--ast-global-color-4)","background-image":"","background-repeat":"repeat","background-position":"center center","background-size":"auto","background-attachment":"scroll","background-type":"","background-media":"","overlay-type":"","overlay-color":"","overlay-opacity":"","overlay-gradient":""}},"footnotes":""},"class_list":["post-62","page","type-page","status-publish","hentry"],"yoast_head":"<!-- This site is optimized with the Yoast SEO plugin v27.3 - https:\/\/yoast.com\/product\/yoast-seo-wordpress\/ -->\n<title>Kilpailutus - Kotiakkukilpailutus.fi<\/title>\n<meta name=\"robots\" content=\"index, follow, max-snippet:-1, max-image-preview:large, max-video-preview:-1\" \/>\n<link rel=\"canonical\" href=\"https:\/\/kotiakkukilpailutus.fi\/index.php\/kilpailutus\/\" \/>\n<meta property=\"og:locale\" content=\"fi_FI\" \/>\n<meta property=\"og:type\" content=\"article\" \/>\n<meta property=\"og:title\" content=\"Kilpailutus - Kotiakkukilpailutus.fi\" \/>\n<meta property=\"og:description\" content=\"Kilpailuta akkuvarasto T\u00e4yt\u00e4 hakemus ja saat tarjouksia akkuvarastoista. Hakemus on ilmainen, eik\u00e4 sido sinua mihink\u00e4\u00e4n.\" \/>\n<meta property=\"og:url\" content=\"https:\/\/kotiakkukilpailutus.fi\/index.php\/kilpailutus\/\" \/>\n<meta property=\"og:site_name\" content=\"Kotiakkukilpailutus.fi\" \/>\n<meta property=\"article:modified_time\" content=\"2025-12-10T08:43:06+00:00\" \/>\n<meta name=\"twitter:card\" content=\"summary_large_image\" \/>\n<script type=\"application\/ld+json\" class=\"yoast-schema-graph\">{\"@context\":\"https:\\\/\\\/schema.org\",\"@graph\":[{\"@type\":\"WebPage\",\"@id\":\"https:\\\/\\\/kotiakkukilpailutus.fi\\\/index.php\\\/kilpailutus\\\/\",\"url\":\"https:\\\/\\\/kotiakkukilpailutus.fi\\\/index.php\\\/kilpailutus\\\/\",\"name\":\"Kilpailutus - Kotiakkukilpailutus.fi\",\"isPartOf\":{\"@id\":\"https:\\\/\\\/kotiakkukilpailutus.fi\\\/#website\"},\"datePublished\":\"2025-12-09T15:57:30+00:00\",\"dateModified\":\"2025-12-10T08:43:06+00:00\",\"breadcrumb\":{\"@id\":\"https:\\\/\\\/kotiakkukilpailutus.fi\\\/index.php\\\/kilpailutus\\\/#breadcrumb\"},\"inLanguage\":\"fi\",\"potentialAction\":[{\"@type\":\"ReadAction\",\"target\":[\"https:\\\/\\\/kotiakkukilpailutus.fi\\\/index.php\\\/kilpailutus\\\/\"]}]},{\"@type\":\"BreadcrumbList\",\"@id\":\"https:\\\/\\\/kotiakkukilpailutus.fi\\\/index.php\\\/kilpailutus\\\/#breadcrumb\",\"itemListElement\":[{\"@type\":\"ListItem\",\"position\":1,\"name\":\"Etusivu\",\"item\":\"https:\\\/\\\/kotiakkukilpailutus.fi\\\/\"},{\"@type\":\"ListItem\",\"position\":2,\"name\":\"Kilpailutus\"}]},{\"@type\":\"WebSite\",\"@id\":\"https:\\\/\\\/kotiakkukilpailutus.fi\\\/#website\",\"url\":\"https:\\\/\\\/kotiakkukilpailutus.fi\\\/\",\"name\":\"Kotiakkukilpailutus.fi\",\"description\":\"\",\"publisher\":{\"@id\":\"https:\\\/\\\/kotiakkukilpailutus.fi\\\/#organization\"},\"potentialAction\":[{\"@type\":\"SearchAction\",\"target\":{\"@type\":\"EntryPoint\",\"urlTemplate\":\"https:\\\/\\\/kotiakkukilpailutus.fi\\\/?s={search_term_string}\"},\"query-input\":{\"@type\":\"PropertyValueSpecification\",\"valueRequired\":true,\"valueName\":\"search_term_string\"}}],\"inLanguage\":\"fi\"},{\"@type\":\"Organization\",\"@id\":\"https:\\\/\\\/kotiakkukilpailutus.fi\\\/#organization\",\"name\":\"Kotiakkukilpailutus.fi\",\"url\":\"https:\\\/\\\/kotiakkukilpailutus.fi\\\/\",\"logo\":{\"@type\":\"ImageObject\",\"inLanguage\":\"fi\",\"@id\":\"https:\\\/\\\/kotiakkukilpailutus.fi\\\/#\\\/schema\\\/logo\\\/image\\\/\",\"url\":\"https:\\\/\\\/kotiakkukilpailutus.fi\\\/wp-content\\\/uploads\\\/2025\\\/12\\\/logo-1.png\",\"contentUrl\":\"https:\\\/\\\/kotiakkukilpailutus.fi\\\/wp-content\\\/uploads\\\/2025\\\/12\\\/logo-1.png\",\"width\":156,\"height\":40,\"caption\":\"Kotiakkukilpailutus.fi\"},\"image\":{\"@id\":\"https:\\\/\\\/kotiakkukilpailutus.fi\\\/#\\\/schema\\\/logo\\\/image\\\/\"}}]}<\/script>\n<!-- \/ Yoast SEO plugin. -->","yoast_head_json":{"title":"Kilpailutus - Kotiakkukilpailutus.fi","robots":{"index":"index","follow":"follow","max-snippet":"max-snippet:-1","max-image-preview":"max-image-preview:large","max-video-preview":"max-video-preview:-1"},"canonical":"https:\/\/kotiakkukilpailutus.fi\/index.php\/kilpailutus\/","og_locale":"fi_FI","og_type":"article","og_title":"Kilpailutus - Kotiakkukilpailutus.fi","og_description":"Kilpailuta akkuvarasto T\u00e4yt\u00e4 hakemus ja saat tarjouksia akkuvarastoista. Hakemus on ilmainen, eik\u00e4 sido sinua mihink\u00e4\u00e4n.","og_url":"https:\/\/kotiakkukilpailutus.fi\/index.php\/kilpailutus\/","og_site_name":"Kotiakkukilpailutus.fi","article_modified_time":"2025-12-10T08:43:06+00:00","twitter_card":"summary_large_image","schema":{"@context":"https:\/\/schema.org","@graph":[{"@type":"WebPage","@id":"https:\/\/kotiakkukilpailutus.fi\/index.php\/kilpailutus\/","url":"https:\/\/kotiakkukilpailutus.fi\/index.php\/kilpailutus\/","name":"Kilpailutus - Kotiakkukilpailutus.fi","isPartOf":{"@id":"https:\/\/kotiakkukilpailutus.fi\/#website"},"datePublished":"2025-12-09T15:57:30+00:00","dateModified":"2025-12-10T08:43:06+00:00","breadcrumb":{"@id":"https:\/\/kotiakkukilpailutus.fi\/index.php\/kilpailutus\/#breadcrumb"},"inLanguage":"fi","potentialAction":[{"@type":"ReadAction","target":["https:\/\/kotiakkukilpailutus.fi\/index.php\/kilpailutus\/"]}]},{"@type":"BreadcrumbList","@id":"https:\/\/kotiakkukilpailutus.fi\/index.php\/kilpailutus\/#breadcrumb","itemListElement":[{"@type":"ListItem","position":1,"name":"Etusivu","item":"https:\/\/kotiakkukilpailutus.fi\/"},{"@type":"ListItem","position":2,"name":"Kilpailutus"}]},{"@type":"WebSite","@id":"https:\/\/kotiakkukilpailutus.fi\/#website","url":"https:\/\/kotiakkukilpailutus.fi\/","name":"Kotiakkukilpailutus.fi","description":"","publisher":{"@id":"https:\/\/kotiakkukilpailutus.fi\/#organization"},"potentialAction":[{"@type":"SearchAction","target":{"@type":"EntryPoint","urlTemplate":"https:\/\/kotiakkukilpailutus.fi\/?s={search_term_string}"},"query-input":{"@type":"PropertyValueSpecification","valueRequired":true,"valueName":"search_term_string"}}],"inLanguage":"fi"},{"@type":"Organization","@id":"https:\/\/kotiakkukilpailutus.fi\/#organization","name":"Kotiakkukilpailutus.fi","url":"https:\/\/kotiakkukilpailutus.fi\/","logo":{"@type":"ImageObject","inLanguage":"fi","@id":"https:\/\/kotiakkukilpailutus.fi\/#\/schema\/logo\/image\/","url":"https:\/\/kotiakkukilpailutus.fi\/wp-content\/uploads\/2025\/12\/logo-1.png","contentUrl":"https:\/\/kotiakkukilpailutus.fi\/wp-content\/uploads\/2025\/12\/logo-1.png","width":156,"height":40,"caption":"Kotiakkukilpailutus.fi"},"image":{"@id":"https:\/\/kotiakkukilpailutus.fi\/#\/schema\/logo\/image\/"}}]}},"_links":{"self":[{"href":"https:\/\/kotiakkukilpailutus.fi\/index.php\/wp-json\/wp\/v2\/pages\/62","targetHints":{"allow":["GET"]}}],"collection":[{"href":"https:\/\/kotiakkukilpailutus.fi\/index.php\/wp-json\/wp\/v2\/pages"}],"about":[{"href":"https:\/\/kotiakkukilpailutus.fi\/index.php\/wp-json\/wp\/v2\/types\/page"}],"author":[{"embeddable":true,"href":"https:\/\/kotiakkukilpailutus.fi\/index.php\/wp-json\/wp\/v2\/users\/1"}],"replies":[{"embeddable":true,"href":"https:\/\/kotiakkukilpailutus.fi\/index.php\/wp-json\/wp\/v2\/comments?post=62"}],"version-history":[{"count":9,"href":"https:\/\/kotiakkukilpailutus.fi\/index.php\/wp-json\/wp\/v2\/pages\/62\/revisions"}],"predecessor-version":[{"id":120,"href":"https:\/\/kotiakkukilpailutus.fi\/index.php\/wp-json\/wp\/v2\/pages\/62\/revisions\/120"}],"wp:attachment":[{"href":"https:\/\/kotiakkukilpailutus.fi\/index.php\/wp-json\/wp\/v2\/media?parent=62"}],"curies":[{"name":"wp","href":"https:\/\/api.w.org\/{rel}","templated":true}]}}