{"id":147,"date":"2025-12-11T08:07:28","date_gmt":"2025-12-11T08:07:28","guid":{"rendered":"https:\/\/kotiakkukilpailutus.fi\/?page_id=147"},"modified":"2026-01-15T17:20:49","modified_gmt":"2026-01-15T17:20:49","slug":"artikkelit","status":"publish","type":"page","link":"https:\/\/kotiakkukilpailutus.fi\/index.php\/artikkelit\/","title":{"rendered":"Artikkelit"},"content":{"rendered":"\t\t<div data-elementor-type=\"wp-page\" data-elementor-id=\"147\" class=\"elementor elementor-147\">\n\t\t\t\t<div class=\"elementor-element elementor-element-ee1cc03 e-flex e-con-boxed e-con e-parent\" data-id=\"ee1cc03\" data-element_type=\"container\" data-e-type=\"container\">\n\t\t\t\t\t<div class=\"e-con-inner\">\n\t\t\t\t<div class=\"elementor-element elementor-element-48b35f5 elementor-widget elementor-widget-spacer\" data-id=\"48b35f5\" data-element_type=\"widget\" data-e-type=\"widget\" data-widget_type=\"spacer.default\">\n\t\t\t\t\t\t\t<div class=\"elementor-spacer\">\n\t\t\t<div class=\"elementor-spacer-inner\"><\/div>\n\t\t<\/div>\n\t\t\t\t\t\t<\/div>\n\t\t\t\t<div class=\"elementor-element elementor-element-becb9c4 elementor-widget elementor-widget-heading\" data-id=\"becb9c4\" data-element_type=\"widget\" data-e-type=\"widget\" data-widget_type=\"heading.default\">\n\t\t\t\t\t<h2 class=\"elementor-heading-title elementor-size-default\">Artikkelit<\/h2>\t\t\t\t<\/div>\n\t\t\t\t\t<\/div>\n\t\t\t\t<\/div>\n\t\t<div class=\"elementor-element elementor-element-db6af79 e-flex e-con-boxed e-con e-parent\" data-id=\"db6af79\" data-element_type=\"container\" data-e-type=\"container\">\n\t\t\t\t\t<div class=\"e-con-inner\">\n\t\t\t\t<div class=\"elementor-element elementor-element-8491bb4 elementor-widget elementor-widget-spacer\" data-id=\"8491bb4\" data-element_type=\"widget\" data-e-type=\"widget\" data-widget_type=\"spacer.default\">\n\t\t\t\t\t\t\t<div class=\"elementor-spacer\">\n\t\t\t<div class=\"elementor-spacer-inner\"><\/div>\n\t\t<\/div>\n\t\t\t\t\t\t<\/div>\n\t\t\t\t<div class=\"elementor-element elementor-element-e7832f1 elementor-widget elementor-widget-hfe-basic-posts\" data-id=\"e7832f1\" data-element_type=\"widget\" data-e-type=\"widget\" data-widget_type=\"hfe-basic-posts.default\">\n\t\t\t\t<div class=\"elementor-widget-container\">\n\t\t\t\t\t\n<div class=\"hfe-posts-grid\">\n\t\t\t<article class=\"hfe-post-card\">\n\t\t\t\n\t\t\t<div class=\"hfe-post-content\">\n\t\t\t\t\t\t\t\t\t<h3 class=\"hfe-post-title\">\n\t\t\t\t\t\t<a href=\"https:\/\/kotiakkukilpailutus.fi\/index.php\/2026\/02\/05\/kotiakku-porssisahkon-kanssa-mahdollisuus-hyodyntaa-sahkonhintavaihtelua\/\" rel=\"bookmark\">\n\t\t\t\t\t\t\tKotiakku p\u00f6rssis\u00e4hk\u00f6n kanssa &#8211; mahdollisuus hy\u00f6dynt\u00e4\u00e4 s\u00e4hk\u00f6nhintavaihtelua\t\t\t\t\t\t<\/a>\n\t\t\t\t\t<\/h3>\n\t\t\t\t\n\t\t\t\t\n\t\t\t\t\t\t\t\t\t<div class=\"hfe-post-excerpt\">\n\t\t\t\t\t\tKotiakku p\u00f6rssis\u00e4hk\u00f6n kanssa &#8211; mahdollisuus hy\u00f6dynt\u00e4\u00e4 s\u00e4hk\u00f6nhintavaihtelua P\u00f6rssis\u00e4hk\u00f6 on pidemm\u00e4ll\u00e4 aikav\u00e4lill\u00e4 ollut keskim\u00e4\u00e4rin edullisempi tapa ostaa s\u00e4hk\u00f6\u00e4 kuin kiinte\u00e4 hintaiset...\t\t\t\t\t<\/div>\n\t\t\t\t\n\t\t\t\t\t\t\t\t\t<a href=\"https:\/\/kotiakkukilpailutus.fi\/index.php\/2026\/02\/05\/kotiakku-porssisahkon-kanssa-mahdollisuus-hyodyntaa-sahkonhintavaihtelua\/\" class=\"hfe-read-more\" rel=\"bookmark\">\n\t\t\t\t\t\tLue lis\u00e4\u00e4 \u2192\t\t\t\t\t<\/a>\n\t\t\t\t\t\t\t<\/div>\n\t\t<\/article>\n\t\t<\/div>\n\t\t\t\t<\/div>\n\t\t\t\t<\/div>\n\t\t\t\t\t<\/div>\n\t\t\t\t<\/div>\n\t\t<div class=\"elementor-element elementor-element-355520c e-flex e-con-boxed e-con e-parent\" data-id=\"355520c\" data-element_type=\"container\" data-e-type=\"container\">\n\t\t\t\t\t<div class=\"e-con-inner\">\n\t\t\t\t<div class=\"elementor-element elementor-element-abe51dd elementor-widget elementor-widget-spacer\" data-id=\"abe51dd\" data-element_type=\"widget\" data-e-type=\"widget\" data-widget_type=\"spacer.default\">\n\t\t\t\t\t\t\t<div class=\"elementor-spacer\">\n\t\t\t<div class=\"elementor-spacer-inner\"><\/div>\n\t\t<\/div>\n\t\t\t\t\t\t<\/div>\n\t\t\t\t\t<\/div>\n\t\t\t\t<\/div>\n\t\t\t\t<\/div>\n\t\t","protected":false},"excerpt":{"rendered":"<p>Artikkelit Kotiakku p\u00f6rssis\u00e4hk\u00f6n kanssa \u2013 arvioidut s\u00e4\u00e4st\u00f6t Kotiakku p\u00f6rssis\u00e4hk\u00f6n kanssa \u2013 arvioidut s\u00e4\u00e4st\u00f6t P\u00f6rssis\u00e4hk\u00f6n hinnat voivat vaihdella saman vuorokauden aikana [&hellip;]<\/p>\n","protected":false},"author":1,"featured_media":0,"parent":0,"menu_order":0,"comment_status":"closed","ping_status":"closed","template":"","meta":{"site-sidebar-layout":"no-sidebar","site-content-layout":"","ast-site-content-layout":"full-width-container","site-content-style":"default","site-sidebar-style":"default","ast-global-header-display":"","ast-banner-title-visibility":"","ast-main-header-display":"","ast-hfb-above-header-display":"","ast-hfb-below-header-display":"","ast-hfb-mobile-header-display":"","site-post-title":"disabled","ast-breadcrumbs-content":"","ast-featured-img":"disabled","footer-sml-layout":"","ast-disable-related-posts":"","theme-transparent-header-meta":"","adv-header-id-meta":"","stick-header-meta":"","header-above-stick-meta":"","header-main-stick-meta":"","header-below-stick-meta":"","astra-migrate-meta-layouts":"default","ast-page-background-enabled":"default","ast-page-background-meta":{"desktop":{"background-color":"var(--ast-global-color-5)","background-image":"","background-repeat":"repeat","background-position":"center center","background-size":"auto","background-attachment":"scroll","background-type":"","background-media":"","overlay-type":"","overlay-color":"","overlay-opacity":"","overlay-gradient":""},"tablet":{"background-color":"","background-image":"","background-repeat":"repeat","background-position":"center center","background-size":"auto","background-attachment":"scroll","background-type":"","background-media":"","overlay-type":"","overlay-color":"","overlay-opacity":"","overlay-gradient":""},"mobile":{"background-color":"","background-image":"","background-repeat":"repeat","background-position":"center center","background-size":"auto","background-attachment":"scroll","background-type":"","background-media":"","overlay-type":"","overlay-color":"","overlay-opacity":"","overlay-gradient":""}},"ast-content-background-meta":{"desktop":{"background-color":"var(--ast-global-color-4)","background-image":"","background-repeat":"repeat","background-position":"center center","background-size":"auto","background-attachment":"scroll","background-type":"","background-media":"","overlay-type":"","overlay-color":"","overlay-opacity":"","overlay-gradient":""},"tablet":{"background-color":"var(--ast-global-color-4)","background-image":"","background-repeat":"repeat","background-position":"center center","background-size":"auto","background-attachment":"scroll","background-type":"","background-media":"","overlay-type":"","overlay-color":"","overlay-opacity":"","overlay-gradient":""},"mobile":{"background-color":"var(--ast-global-color-4)","background-image":"","background-repeat":"repeat","background-position":"center center","background-size":"auto","background-attachment":"scroll","background-type":"","background-media":"","overlay-type":"","overlay-color":"","overlay-opacity":"","overlay-gradient":""}},"footnotes":""},"class_list":["post-147","page","type-page","status-publish","hentry"],"yoast_head":"<!-- This site is optimized with the Yoast SEO plugin v27.3 - https:\/\/yoast.com\/product\/yoast-seo-wordpress\/ -->\n<title>Artikkelit - Kotiakkukilpailutus.fi<\/title>\n<meta name=\"robots\" content=\"index, follow, max-snippet:-1, max-image-preview:large, max-video-preview:-1\" \/>\n<link rel=\"canonical\" href=\"https:\/\/kotiakkukilpailutus.fi\/index.php\/artikkelit\/\" \/>\n<meta property=\"og:locale\" content=\"fi_FI\" \/>\n<meta property=\"og:type\" content=\"article\" \/>\n<meta property=\"og:title\" content=\"Artikkelit - Kotiakkukilpailutus.fi\" \/>\n<meta property=\"og:description\" content=\"Artikkelit Kotiakku p\u00f6rssis\u00e4hk\u00f6n kanssa \u2013 arvioidut s\u00e4\u00e4st\u00f6t Kotiakku p\u00f6rssis\u00e4hk\u00f6n kanssa \u2013 arvioidut s\u00e4\u00e4st\u00f6t P\u00f6rssis\u00e4hk\u00f6n hinnat voivat vaihdella saman vuorokauden aikana [&hellip;]\" \/>\n<meta property=\"og:url\" content=\"https:\/\/kotiakkukilpailutus.fi\/index.php\/artikkelit\/\" \/>\n<meta property=\"og:site_name\" content=\"Kotiakkukilpailutus.fi\" \/>\n<meta property=\"article:modified_time\" content=\"2026-01-15T17:20:49+00:00\" \/>\n<meta name=\"twitter:card\" content=\"summary_large_image\" \/>\n<meta name=\"twitter:label1\" content=\"Arvioitu lukuaika\" \/>\n\t<meta name=\"twitter:data1\" content=\"1 minuutti\" \/>\n<script type=\"application\/ld+json\" class=\"yoast-schema-graph\">{\"@context\":\"https:\\\/\\\/schema.org\",\"@graph\":[{\"@type\":\"WebPage\",\"@id\":\"https:\\\/\\\/kotiakkukilpailutus.fi\\\/index.php\\\/artikkelit\\\/\",\"url\":\"https:\\\/\\\/kotiakkukilpailutus.fi\\\/index.php\\\/artikkelit\\\/\",\"name\":\"Artikkelit - Kotiakkukilpailutus.fi\",\"isPartOf\":{\"@id\":\"https:\\\/\\\/kotiakkukilpailutus.fi\\\/#website\"},\"datePublished\":\"2025-12-11T08:07:28+00:00\",\"dateModified\":\"2026-01-15T17:20:49+00:00\",\"breadcrumb\":{\"@id\":\"https:\\\/\\\/kotiakkukilpailutus.fi\\\/index.php\\\/artikkelit\\\/#breadcrumb\"},\"inLanguage\":\"fi\",\"potentialAction\":[{\"@type\":\"ReadAction\",\"target\":[\"https:\\\/\\\/kotiakkukilpailutus.fi\\\/index.php\\\/artikkelit\\\/\"]}]},{\"@type\":\"BreadcrumbList\",\"@id\":\"https:\\\/\\\/kotiakkukilpailutus.fi\\\/index.php\\\/artikkelit\\\/#breadcrumb\",\"itemListElement\":[{\"@type\":\"ListItem\",\"position\":1,\"name\":\"Etusivu\",\"item\":\"https:\\\/\\\/kotiakkukilpailutus.fi\\\/\"},{\"@type\":\"ListItem\",\"position\":2,\"name\":\"Artikkelit\"}]},{\"@type\":\"WebSite\",\"@id\":\"https:\\\/\\\/kotiakkukilpailutus.fi\\\/#website\",\"url\":\"https:\\\/\\\/kotiakkukilpailutus.fi\\\/\",\"name\":\"Kotiakkukilpailutus.fi\",\"description\":\"\",\"publisher\":{\"@id\":\"https:\\\/\\\/kotiakkukilpailutus.fi\\\/#organization\"},\"potentialAction\":[{\"@type\":\"SearchAction\",\"target\":{\"@type\":\"EntryPoint\",\"urlTemplate\":\"https:\\\/\\\/kotiakkukilpailutus.fi\\\/?s={search_term_string}\"},\"query-input\":{\"@type\":\"PropertyValueSpecification\",\"valueRequired\":true,\"valueName\":\"search_term_string\"}}],\"inLanguage\":\"fi\"},{\"@type\":\"Organization\",\"@id\":\"https:\\\/\\\/kotiakkukilpailutus.fi\\\/#organization\",\"name\":\"Kotiakkukilpailutus.fi\",\"url\":\"https:\\\/\\\/kotiakkukilpailutus.fi\\\/\",\"logo\":{\"@type\":\"ImageObject\",\"inLanguage\":\"fi\",\"@id\":\"https:\\\/\\\/kotiakkukilpailutus.fi\\\/#\\\/schema\\\/logo\\\/image\\\/\",\"url\":\"https:\\\/\\\/kotiakkukilpailutus.fi\\\/wp-content\\\/uploads\\\/2025\\\/12\\\/logo-1.png\",\"contentUrl\":\"https:\\\/\\\/kotiakkukilpailutus.fi\\\/wp-content\\\/uploads\\\/2025\\\/12\\\/logo-1.png\",\"width\":156,\"height\":40,\"caption\":\"Kotiakkukilpailutus.fi\"},\"image\":{\"@id\":\"https:\\\/\\\/kotiakkukilpailutus.fi\\\/#\\\/schema\\\/logo\\\/image\\\/\"}}]}<\/script>\n<!-- \/ Yoast SEO plugin. -->","yoast_head_json":{"title":"Artikkelit - Kotiakkukilpailutus.fi","robots":{"index":"index","follow":"follow","max-snippet":"max-snippet:-1","max-image-preview":"max-image-preview:large","max-video-preview":"max-video-preview:-1"},"canonical":"https:\/\/kotiakkukilpailutus.fi\/index.php\/artikkelit\/","og_locale":"fi_FI","og_type":"article","og_title":"Artikkelit - Kotiakkukilpailutus.fi","og_description":"Artikkelit Kotiakku p\u00f6rssis\u00e4hk\u00f6n kanssa \u2013 arvioidut s\u00e4\u00e4st\u00f6t Kotiakku p\u00f6rssis\u00e4hk\u00f6n kanssa \u2013 arvioidut s\u00e4\u00e4st\u00f6t P\u00f6rssis\u00e4hk\u00f6n hinnat voivat vaihdella saman vuorokauden aikana [&hellip;]","og_url":"https:\/\/kotiakkukilpailutus.fi\/index.php\/artikkelit\/","og_site_name":"Kotiakkukilpailutus.fi","article_modified_time":"2026-01-15T17:20:49+00:00","twitter_card":"summary_large_image","twitter_misc":{"Arvioitu lukuaika":"1 minuutti"},"schema":{"@context":"https:\/\/schema.org","@graph":[{"@type":"WebPage","@id":"https:\/\/kotiakkukilpailutus.fi\/index.php\/artikkelit\/","url":"https:\/\/kotiakkukilpailutus.fi\/index.php\/artikkelit\/","name":"Artikkelit - Kotiakkukilpailutus.fi","isPartOf":{"@id":"https:\/\/kotiakkukilpailutus.fi\/#website"},"datePublished":"2025-12-11T08:07:28+00:00","dateModified":"2026-01-15T17:20:49+00:00","breadcrumb":{"@id":"https:\/\/kotiakkukilpailutus.fi\/index.php\/artikkelit\/#breadcrumb"},"inLanguage":"fi","potentialAction":[{"@type":"ReadAction","target":["https:\/\/kotiakkukilpailutus.fi\/index.php\/artikkelit\/"]}]},{"@type":"BreadcrumbList","@id":"https:\/\/kotiakkukilpailutus.fi\/index.php\/artikkelit\/#breadcrumb","itemListElement":[{"@type":"ListItem","position":1,"name":"Etusivu","item":"https:\/\/kotiakkukilpailutus.fi\/"},{"@type":"ListItem","position":2,"name":"Artikkelit"}]},{"@type":"WebSite","@id":"https:\/\/kotiakkukilpailutus.fi\/#website","url":"https:\/\/kotiakkukilpailutus.fi\/","name":"Kotiakkukilpailutus.fi","description":"","publisher":{"@id":"https:\/\/kotiakkukilpailutus.fi\/#organization"},"potentialAction":[{"@type":"SearchAction","target":{"@type":"EntryPoint","urlTemplate":"https:\/\/kotiakkukilpailutus.fi\/?s={search_term_string}"},"query-input":{"@type":"PropertyValueSpecification","valueRequired":true,"valueName":"search_term_string"}}],"inLanguage":"fi"},{"@type":"Organization","@id":"https:\/\/kotiakkukilpailutus.fi\/#organization","name":"Kotiakkukilpailutus.fi","url":"https:\/\/kotiakkukilpailutus.fi\/","logo":{"@type":"ImageObject","inLanguage":"fi","@id":"https:\/\/kotiakkukilpailutus.fi\/#\/schema\/logo\/image\/","url":"https:\/\/kotiakkukilpailutus.fi\/wp-content\/uploads\/2025\/12\/logo-1.png","contentUrl":"https:\/\/kotiakkukilpailutus.fi\/wp-content\/uploads\/2025\/12\/logo-1.png","width":156,"height":40,"caption":"Kotiakkukilpailutus.fi"},"image":{"@id":"https:\/\/kotiakkukilpailutus.fi\/#\/schema\/logo\/image\/"}}]}},"_links":{"self":[{"href":"https:\/\/kotiakkukilpailutus.fi\/index.php\/wp-json\/wp\/v2\/pages\/147","targetHints":{"allow":["GET"]}}],"collection":[{"href":"https:\/\/kotiakkukilpailutus.fi\/index.php\/wp-json\/wp\/v2\/pages"}],"about":[{"href":"https:\/\/kotiakkukilpailutus.fi\/index.php\/wp-json\/wp\/v2\/types\/page"}],"author":[{"embeddable":true,"href":"https:\/\/kotiakkukilpailutus.fi\/index.php\/wp-json\/wp\/v2\/users\/1"}],"replies":[{"embeddable":true,"href":"https:\/\/kotiakkukilpailutus.fi\/index.php\/wp-json\/wp\/v2\/comments?post=147"}],"version-history":[{"count":17,"href":"https:\/\/kotiakkukilpailutus.fi\/index.php\/wp-json\/wp\/v2\/pages\/147\/revisions"}],"predecessor-version":[{"id":251,"href":"https:\/\/kotiakkukilpailutus.fi\/index.php\/wp-json\/wp\/v2\/pages\/147\/revisions\/251"}],"wp:attachment":[{"href":"https:\/\/kotiakkukilpailutus.fi\/index.php\/wp-json\/wp\/v2\/media?parent=147"}],"curies":[{"name":"wp","href":"https:\/\/api.w.org\/{rel}","templated":true}]}}